{"id":77,"date":"2021-10-05T13:12:07","date_gmt":"2021-10-05T13:12:07","guid":{"rendered":"https:\/\/themepanthers.com\/wp\/creote\/v-new\/?page_id=77"},"modified":"2022-10-30T05:02:06","modified_gmt":"2022-10-30T04:02:06","slug":"contact","status":"publish","type":"page","link":"https:\/\/descartes-dz.com\/gs\/contact\/","title":{"rendered":"Contact"},"content":{"rendered":"\t\t<div data-elementor-type=\"wp-page\" data-elementor-id=\"77\" class=\"elementor elementor-77\">\n\t\t\t\t\t\t\t\t\t<section class=\"elementor-section elementor-top-section elementor-element elementor-element-efe7969 elementor-section-boxed elementor-section-height-default elementor-section-height-default\" data-id=\"efe7969\" data-element_type=\"section\">\n\t\t\t\t\t\t<div class=\"elementor-container elementor-column-gap-default\">\n\t\t\t\t\t<div class=\"elementor-column elementor-col-50 elementor-top-column elementor-element elementor-element-dca790f\" data-id=\"dca790f\" data-element_type=\"column\">\n\t\t\t<div class=\"elementor-widget-wrap elementor-element-populated\">\n\t\t\t\t\t\t\t\t<div class=\"elementor-element elementor-element-2480814 elementor-widget elementor-widget-creote-contact-form-v1\" data-id=\"2480814\" data-element_type=\"widget\" data-widget_type=\"creote-contact-form-v1.default\">\n\t\t\t\t<div class=\"elementor-widget-container\">\n\t\t\t<section class=\"contact_form_box_all type_one\"\r\n   data-aos=\"fade-up\"\r\n  data-aos-delay=\"0\" >\r\n    <div class=\"contact_form_box_inner\">\r\n    <div class=\"contact_form_shortcode\">\r\n            <div role=\"form\" class=\"wpcf7\" id=\"wpcf7-f5-o1\" lang=\"fr-FR\" dir=\"ltr\">\n<div class=\"screen-reader-response\"><p role=\"status\" aria-live=\"polite\" aria-atomic=\"true\"><\/p> <ul><\/ul><\/div>\n<form action=\"\/gs\/wp-json\/wp\/v2\/pages\/77#wpcf7-f5-o1\" method=\"post\" class=\"wpcf7-form init\" novalidate=\"novalidate\" data-status=\"init\">\n<div style=\"display: none;\">\n<input type=\"hidden\" name=\"_wpcf7\" value=\"5\" \/>\n<input type=\"hidden\" name=\"_wpcf7_version\" value=\"5.5.6\" \/>\n<input type=\"hidden\" name=\"_wpcf7_locale\" value=\"fr_FR\" \/>\n<input type=\"hidden\" name=\"_wpcf7_unit_tag\" value=\"wpcf7-f5-o1\" \/>\n<input type=\"hidden\" name=\"_wpcf7_container_post\" value=\"0\" \/>\n<input type=\"hidden\" name=\"_wpcf7_posted_data_hash\" value=\"\" \/>\n<\/div>\n<p><label> Nom complet<br \/>\n    <span class=\"wpcf7-form-control-wrap nom\"><input type=\"text\" name=\"nom\" value=\"\" size=\"40\" class=\"wpcf7-form-control wpcf7-text wpcf7-validates-as-required\" aria-required=\"true\" aria-invalid=\"false\" \/><\/span> <\/label><\/p>\n<p><label> T\u00e9l\u00e9phone<br \/>\n    <span class=\"wpcf7-form-control-wrap telephone\"><input type=\"tel\" name=\"telephone\" value=\"\" size=\"40\" class=\"wpcf7-form-control wpcf7-text wpcf7-tel wpcf7-validates-as-required wpcf7-validates-as-tel\" aria-required=\"true\" aria-invalid=\"false\" \/><\/span> <\/label><\/p>\n<p><label> Adresse email<br \/>\n    <span class=\"wpcf7-form-control-wrap email\"><input type=\"email\" name=\"email\" value=\"\" size=\"40\" class=\"wpcf7-form-control wpcf7-text wpcf7-email wpcf7-validates-as-email\" aria-invalid=\"false\" \/><\/span> <\/label><\/p>\n<p><label> Sujet<br \/>\n    <span class=\"wpcf7-form-control-wrap sujet\"><input type=\"text\" name=\"sujet\" value=\"\" size=\"40\" class=\"wpcf7-form-control wpcf7-text wpcf7-validates-as-required\" aria-required=\"true\" aria-invalid=\"false\" \/><\/span> <\/label><\/p>\n<p><label> Votre message<br \/>\n    <span class=\"wpcf7-form-control-wrap message\"><textarea name=\"message\" cols=\"40\" rows=\"10\" class=\"wpcf7-form-control wpcf7-textarea wpcf7-validates-as-required\" aria-required=\"true\" aria-invalid=\"false\"><\/textarea><\/span> <\/label><\/p>\n<p><input type=\"submit\" value=\"Envoyer\" class=\"wpcf7-form-control has-spinner wpcf7-submit\" \/><\/p>\n<p style=\"display: none !important;\"><label>&#916;<textarea name=\"_wpcf7_ak_hp_textarea\" cols=\"45\" rows=\"8\" maxlength=\"100\"><\/textarea><\/label><input type=\"hidden\" id=\"ak_js_1\" name=\"_wpcf7_ak_js\" value=\"134\"\/><script>document.getElementById( \"ak_js_1\" ).setAttribute( \"value\", ( new Date() ).getTime() );<\/script><\/p><div class=\"wpcf7-response-output\" aria-hidden=\"true\"><\/div><\/form><\/div>          <\/div>\r\n  <\/div>\r\n  <\/section>\r\n\t\t<\/div>\n\t\t\t\t<\/div>\n\t\t\t\t\t<\/div>\n\t\t<\/div>\n\t\t\t\t<div class=\"elementor-column elementor-col-50 elementor-top-column elementor-element elementor-element-5d654ed\" data-id=\"5d654ed\" data-element_type=\"column\">\n\t\t\t<div class=\"elementor-widget-wrap elementor-element-populated\">\n\t\t\t\t\t\t\t\t<div class=\"elementor-element elementor-element-03e0660 elementor-widget elementor-widget-creote-title-v1\" data-id=\"03e0660\" data-element_type=\"widget\" data-widget_type=\"creote-title-v1.default\">\n\t\t\t\t<div class=\"elementor-widget-container\">\n\t\t\t<div class=\"title_all_box style_one  dark_color\" >\r\n         <div class=\"title_sections left\">\r\n            <div class=\"before_title\">\r\n         Coordonn\u00e9es      <\/div>\r\n                  <h2>  Lyc\u00e9e et coll\u00e8ge <\/h2>\r\n                  <p>  Envoyez-nous un message via le formulaire ci-dessous. Si votre demande est urgente, n'h\u00e9sitez pas \u00e0 utiliser les coordonn\u00e9es ci-dessous.<\/p>\r\n         <\/div>\r\n               \r\n<\/div>\r\n\t\t<\/div>\n\t\t\t\t<\/div>\n\t\t\t\t<div class=\"elementor-element elementor-element-83e33b0 elementor-widget elementor-widget-creote-contact-box-v1\" data-id=\"83e33b0\" data-element_type=\"widget\" data-widget_type=\"creote-contact-box-v1.default\">\n\t\t\t\t<div class=\"elementor-widget-container\">\n\t\t\t<div class=\"contact_box_content  style_one\"   data-aos=\"fade-up\" data-aos-delay=\"0\" >\r\n      <div class=\"contact_box_inner  icon_yes \">\r\n            <div class=\"icon_bx\">\r\n         <span class=\" icon-placeholder\"><\/span>\r\n      <\/div>\r\n            <div class=\"contnet\">\r\n                  <h3> Adresse <\/h3>\r\n                           <p>\r\n            Coop Universitaire num\u00e9ro 61, Kouba 16000         <\/p>\r\n               <\/div>\r\n   <\/div>\r\n   <\/div>\r\n\t\t<\/div>\n\t\t\t\t<\/div>\n\t\t\t\t<div class=\"elementor-element elementor-element-eb3e0de elementor-widget elementor-widget-creote-contact-box-v1\" data-id=\"eb3e0de\" data-element_type=\"widget\" data-widget_type=\"creote-contact-box-v1.default\">\n\t\t\t\t<div class=\"elementor-widget-container\">\n\t\t\t<div class=\"contact_box_content  style_one\"   data-aos=\"fade-up\" data-aos-delay=\"0\" >\r\n      <div class=\"contact_box_inner  icon_yes \">\r\n            <div class=\"icon_bx\">\r\n         <span class=\" icon-phone-call\"><\/span>\r\n      <\/div>\r\n            <div class=\"contnet\">\r\n                  <h3> T\u00e9l\u00e9phone <\/h3>\r\n                           <p>\r\n            023 70 68 18          <\/p>\r\n               <\/div>\r\n   <\/div>\r\n   <\/div>\r\n\t\t<\/div>\n\t\t\t\t<\/div>\n\t\t\t\t<div class=\"elementor-element elementor-element-f64590e elementor-widget elementor-widget-creote-contact-box-v1\" data-id=\"f64590e\" data-element_type=\"widget\" data-widget_type=\"creote-contact-box-v1.default\">\n\t\t\t\t<div class=\"elementor-widget-container\">\n\t\t\t<div class=\"contact_box_content  style_one\"   data-aos=\"fade-up\" data-aos-delay=\"0\" >\r\n      <div class=\"contact_box_inner  icon_yes \">\r\n            <div class=\"icon_bx\">\r\n         <span class=\"fa fa-mobile-phone\"><\/span>\r\n      <\/div>\r\n            <div class=\"contnet\">\r\n                  <h3> Mobile <\/h3>\r\n                           <p>\r\n            0561 71 54 30&nbsp; \u2013&nbsp;  0555 41 55 42         <\/p>\r\n               <\/div>\r\n   <\/div>\r\n   <\/div>\r\n\t\t<\/div>\n\t\t\t\t<\/div>\n\t\t\t\t<div class=\"elementor-element elementor-element-3d00b83 elementor-widget elementor-widget-creote-social-media-v1\" data-id=\"3d00b83\" data-element_type=\"widget\" data-widget_type=\"creote-social-media-v1.default\">\n\t\t\t\t<div class=\"elementor-widget-container\">\n\t\t\t<div class=\"social_media_v_one\">\r\n   <ul>\r\n            <li >\r\n         <a href=\"#\"> <span class=\"fa fa-facebook\"><\/span>\r\n         <small>facebook<\/small>\r\n         <\/a>\r\n      <\/li>\r\n            <li >\r\n         <a href=\"#\"> <span class=\"fa fa-twitter\"><\/span>\r\n         <small>twitter<\/small>\r\n         <\/a>\r\n      <\/li>\r\n            <li >\r\n         <a href=\"#\"> <span class=\"fa fa-skype\"><\/span>\r\n         <small>skype<\/small>\r\n         <\/a>\r\n      <\/li>\r\n            <li >\r\n         <a href=\"#\"> <span class=\"fa fa-instagram\"><\/span>\r\n         <small>instagram<\/small>\r\n         <\/a>\r\n      <\/li>\r\n         <\/ul>\r\n<\/div>\r\n\t\t<\/div>\n\t\t\t\t<\/div>\n\t\t\t\t\t<\/div>\n\t\t<\/div>\n\t\t\t\t\t\t\t<\/div>\n\t\t<\/section>\n\t\t\t\t<section class=\"elementor-section elementor-top-section elementor-element elementor-element-b53afbb elementor-section-boxed elementor-section-height-default elementor-section-height-default\" data-id=\"b53afbb\" data-element_type=\"section\" data-settings=\"{&quot;background_background&quot;:&quot;classic&quot;}\">\n\t\t\t\t\t\t<div class=\"elementor-container elementor-column-gap-default\">\n\t\t\t\t\t<div class=\"elementor-column elementor-col-50 elementor-top-column elementor-element elementor-element-aa8bda5\" data-id=\"aa8bda5\" data-element_type=\"column\">\n\t\t\t<div class=\"elementor-widget-wrap elementor-element-populated\">\n\t\t\t\t\t\t\t\t<div class=\"elementor-element elementor-element-663114f elementor-widget elementor-widget-creote-contact-form-v1\" data-id=\"663114f\" data-element_type=\"widget\" data-widget_type=\"creote-contact-form-v1.default\">\n\t\t\t\t<div class=\"elementor-widget-container\">\n\t\t\t<section class=\"contact_form_box_all type_one\"\r\n   data-aos=\"fade-up\"\r\n  data-aos-delay=\"0\" >\r\n    <div class=\"contact_form_box_inner\">\r\n    <div class=\"contact_form_shortcode\">\r\n            <div role=\"form\" class=\"wpcf7\" id=\"wpcf7-f5569-o2\" lang=\"fr-FR\" dir=\"ltr\">\n<div class=\"screen-reader-response\"><p role=\"status\" aria-live=\"polite\" aria-atomic=\"true\"><\/p> <ul><\/ul><\/div>\n<form action=\"\/gs\/wp-json\/wp\/v2\/pages\/77#wpcf7-f5569-o2\" method=\"post\" class=\"wpcf7-form init\" novalidate=\"novalidate\" data-status=\"init\">\n<div style=\"display: none;\">\n<input type=\"hidden\" name=\"_wpcf7\" value=\"5569\" \/>\n<input type=\"hidden\" name=\"_wpcf7_version\" value=\"5.5.6\" \/>\n<input type=\"hidden\" name=\"_wpcf7_locale\" value=\"fr_FR\" \/>\n<input type=\"hidden\" name=\"_wpcf7_unit_tag\" value=\"wpcf7-f5569-o2\" \/>\n<input type=\"hidden\" name=\"_wpcf7_container_post\" value=\"0\" \/>\n<input type=\"hidden\" name=\"_wpcf7_posted_data_hash\" value=\"\" \/>\n<\/div>\n<p><label> Nom complet<br \/>\n    <span class=\"wpcf7-form-control-wrap nom\"><input type=\"text\" name=\"nom\" value=\"\" size=\"40\" class=\"wpcf7-form-control wpcf7-text wpcf7-validates-as-required\" aria-required=\"true\" aria-invalid=\"false\" \/><\/span> <\/label><\/p>\n<p><label> T\u00e9l\u00e9phone<br \/>\n    <span class=\"wpcf7-form-control-wrap telephone\"><input type=\"tel\" name=\"telephone\" value=\"\" size=\"40\" class=\"wpcf7-form-control wpcf7-text wpcf7-tel wpcf7-validates-as-required wpcf7-validates-as-tel\" aria-required=\"true\" aria-invalid=\"false\" \/><\/span> <\/label><\/p>\n<p><label> Adresse email<br \/>\n    <span class=\"wpcf7-form-control-wrap email\"><input type=\"email\" name=\"email\" value=\"\" size=\"40\" class=\"wpcf7-form-control wpcf7-text wpcf7-email wpcf7-validates-as-email\" aria-invalid=\"false\" \/><\/span> <\/label><\/p>\n<p><label> Sujet<br \/>\n    <span class=\"wpcf7-form-control-wrap sujet\"><input type=\"text\" name=\"sujet\" value=\"\" size=\"40\" class=\"wpcf7-form-control wpcf7-text wpcf7-validates-as-required\" aria-required=\"true\" aria-invalid=\"false\" \/><\/span> <\/label><\/p>\n<p><label> Votre message<br \/>\n    <span class=\"wpcf7-form-control-wrap message\"><textarea name=\"message\" cols=\"40\" rows=\"10\" class=\"wpcf7-form-control wpcf7-textarea wpcf7-validates-as-required\" aria-required=\"true\" aria-invalid=\"false\"><\/textarea><\/span> <\/label><\/p>\n<p><input type=\"submit\" value=\"Envoyer\" class=\"wpcf7-form-control has-spinner wpcf7-submit\" \/><\/p>\n<p style=\"display: none !important;\"><label>&#916;<textarea name=\"_wpcf7_ak_hp_textarea\" cols=\"45\" rows=\"8\" maxlength=\"100\"><\/textarea><\/label><input type=\"hidden\" id=\"ak_js_2\" name=\"_wpcf7_ak_js\" value=\"222\"\/><script>document.getElementById( \"ak_js_2\" ).setAttribute( \"value\", ( new Date() ).getTime() );<\/script><\/p><div class=\"wpcf7-response-output\" aria-hidden=\"true\"><\/div><\/form><\/div>          <\/div>\r\n  <\/div>\r\n  <\/section>\r\n\t\t<\/div>\n\t\t\t\t<\/div>\n\t\t\t\t\t<\/div>\n\t\t<\/div>\n\t\t\t\t<div class=\"elementor-column elementor-col-50 elementor-top-column elementor-element elementor-element-d6ced03\" data-id=\"d6ced03\" data-element_type=\"column\">\n\t\t\t<div class=\"elementor-widget-wrap elementor-element-populated\">\n\t\t\t\t\t\t\t\t<div class=\"elementor-element elementor-element-5c1427d elementor-widget elementor-widget-creote-title-v1\" data-id=\"5c1427d\" data-element_type=\"widget\" data-widget_type=\"creote-title-v1.default\">\n\t\t\t\t<div class=\"elementor-widget-container\">\n\t\t\t<div class=\"title_all_box style_one  dark_color\" >\r\n         <div class=\"title_sections left\">\r\n            <div class=\"before_title\">\r\n         Coordonn\u00e9es      <\/div>\r\n                  <h2>  Primaire<\/h2>\r\n                  <p>  Envoyez-nous un message via le formulaire ci-dessous. Si votre demande est urgente, n'h\u00e9sitez pas \u00e0 utiliser les coordonn\u00e9es ci-dessous.<\/p>\r\n         <\/div>\r\n               \r\n<\/div>\r\n\t\t<\/div>\n\t\t\t\t<\/div>\n\t\t\t\t<div class=\"elementor-element elementor-element-90afd03 elementor-widget elementor-widget-creote-contact-box-v1\" data-id=\"90afd03\" data-element_type=\"widget\" data-widget_type=\"creote-contact-box-v1.default\">\n\t\t\t\t<div class=\"elementor-widget-container\">\n\t\t\t<div class=\"contact_box_content  style_one\"   data-aos=\"fade-up\" data-aos-delay=\"0\" >\r\n      <div class=\"contact_box_inner  icon_yes \">\r\n            <div class=\"icon_bx\">\r\n         <span class=\" icon-placeholder\"><\/span>\r\n      <\/div>\r\n            <div class=\"contnet\">\r\n                  <h3> Adresse <\/h3>\r\n                           <p>\r\n            Coop Universitaire num\u00e9ro 79, Kouba 16000         <\/p>\r\n               <\/div>\r\n   <\/div>\r\n   <\/div>\r\n\t\t<\/div>\n\t\t\t\t<\/div>\n\t\t\t\t<div class=\"elementor-element elementor-element-a7b32ca elementor-widget elementor-widget-creote-contact-box-v1\" data-id=\"a7b32ca\" data-element_type=\"widget\" data-widget_type=\"creote-contact-box-v1.default\">\n\t\t\t\t<div class=\"elementor-widget-container\">\n\t\t\t<div class=\"contact_box_content  style_one\"   data-aos=\"fade-up\" data-aos-delay=\"0\" >\r\n      <div class=\"contact_box_inner  icon_yes \">\r\n            <div class=\"icon_bx\">\r\n         <span class=\"fa fa-mobile-phone\"><\/span>\r\n      <\/div>\r\n            <div class=\"contnet\">\r\n                  <h3> Mobile <\/h3>\r\n                           <p>\r\n            0560 91 05 17         <\/p>\r\n               <\/div>\r\n   <\/div>\r\n   <\/div>\r\n\t\t<\/div>\n\t\t\t\t<\/div>\n\t\t\t\t<div class=\"elementor-element elementor-element-abcf5cd elementor-widget elementor-widget-creote-social-media-v1\" data-id=\"abcf5cd\" data-element_type=\"widget\" data-widget_type=\"creote-social-media-v1.default\">\n\t\t\t\t<div class=\"elementor-widget-container\">\n\t\t\t<div class=\"social_media_v_one\">\r\n   <ul>\r\n            <li >\r\n         <a href=\"#\"> <span class=\"fa fa-facebook\"><\/span>\r\n         <small>facebook<\/small>\r\n         <\/a>\r\n      <\/li>\r\n            <li >\r\n         <a href=\"#\"> <span class=\"fa fa-twitter\"><\/span>\r\n         <small>twitter<\/small>\r\n         <\/a>\r\n      <\/li>\r\n            <li >\r\n         <a href=\"#\"> <span class=\"fa fa-skype\"><\/span>\r\n         <small>skype<\/small>\r\n         <\/a>\r\n      <\/li>\r\n            <li >\r\n         <a href=\"#\"> <span class=\"fa fa-instagram\"><\/span>\r\n         <small>instagram<\/small>\r\n         <\/a>\r\n      <\/li>\r\n         <\/ul>\r\n<\/div>\r\n\t\t<\/div>\n\t\t\t\t<\/div>\n\t\t\t\t\t<\/div>\n\t\t<\/div>\n\t\t\t\t\t\t\t<\/div>\n\t\t<\/section>\n\t\t\t\t<section class=\"elementor-section elementor-top-section elementor-element elementor-element-2a2c0e4 elementor-section-boxed elementor-section-height-default elementor-section-height-default\" data-id=\"2a2c0e4\" data-element_type=\"section\">\n\t\t\t\t\t\t<div class=\"elementor-container elementor-column-gap-default\">\n\t\t\t\t\t<div class=\"elementor-column elementor-col-100 elementor-top-column elementor-element elementor-element-35f7b49\" data-id=\"35f7b49\" data-element_type=\"column\">\n\t\t\t<div class=\"elementor-widget-wrap elementor-element-populated\">\n\t\t\t\t\t\t\t\t<div class=\"elementor-element elementor-element-2040207 elementor-widget elementor-widget-google_maps\" data-id=\"2040207\" data-element_type=\"widget\" data-widget_type=\"google_maps.default\">\n\t\t\t\t<div class=\"elementor-widget-container\">\n\t\t\t<style>\/*! elementor - v3.6.2 - 04-04-2022 *\/\n.elementor-widget-google_maps .elementor-widget-container{overflow:hidden}.elementor-widget-google_maps iframe{height:300px}<\/style>\t\t<div class=\"elementor-custom-embed\">\n\t\t\t<iframe frameborder=\"0\" scrolling=\"no\" marginheight=\"0\" marginwidth=\"0\"\n\t\t\t\t\tsrc=\"https:\/\/maps.google.com\/maps?q=%C3%89cole%20Descartes%20Alger&#038;t=m&#038;z=15&#038;output=embed&#038;iwloc=near\"\n\t\t\t\t\ttitle=\"\u00c9cole Descartes Alger\"\n\t\t\t\t\taria-label=\"\u00c9cole Descartes Alger\"\n\t\t\t><\/iframe>\n\t\t<\/div>\n\t\t\t\t<\/div>\n\t\t\t\t<\/div>\n\t\t\t\t\t<\/div>\n\t\t<\/div>\n\t\t\t\t\t\t\t<\/div>\n\t\t<\/section>\n\t\t\t\t\t\t\t<\/div>\n\t\t","protected":false},"excerpt":{"rendered":"<p>Nom complet T\u00e9l\u00e9phone Adresse email Sujet Votre message &#916; Coordonn\u00e9es Lyc\u00e9e et coll\u00e8ge Envoyez-nous un message via le formulaire ci-dessous. Si votre demande est urgente, n&#8217;h\u00e9sitez pas \u00e0 utiliser les coordonn\u00e9es ci-dessous. Adresse Coop Universitaire num\u00e9ro 61, Kouba 16000 T\u00e9l\u00e9phone 023 70 68 18 Mobile 0561 71 54 30&nbsp; \u2013&nbsp; 0555 41 55 42 facebook [&hellip;]<\/p>\n","protected":false},"author":1,"featured_media":0,"parent":0,"menu_order":0,"comment_status":"closed","ping_status":"closed","template":"template-fullwidth.php","meta":{"footnotes":""},"class_list":["post-77","page","type-page","status-publish","hentry"],"_links":{"self":[{"href":"https:\/\/descartes-dz.com\/gs\/wp-json\/wp\/v2\/pages\/77","targetHints":{"allow":["GET"]}}],"collection":[{"href":"https:\/\/descartes-dz.com\/gs\/wp-json\/wp\/v2\/pages"}],"about":[{"href":"https:\/\/descartes-dz.com\/gs\/wp-json\/wp\/v2\/types\/page"}],"author":[{"embeddable":true,"href":"https:\/\/descartes-dz.com\/gs\/wp-json\/wp\/v2\/users\/1"}],"replies":[{"embeddable":true,"href":"https:\/\/descartes-dz.com\/gs\/wp-json\/wp\/v2\/comments?post=77"}],"version-history":[{"count":9,"href":"https:\/\/descartes-dz.com\/gs\/wp-json\/wp\/v2\/pages\/77\/revisions"}],"predecessor-version":[{"id":5589,"href":"https:\/\/descartes-dz.com\/gs\/wp-json\/wp\/v2\/pages\/77\/revisions\/5589"}],"wp:attachment":[{"href":"https:\/\/descartes-dz.com\/gs\/wp-json\/wp\/v2\/media?parent=77"}],"curies":[{"name":"wp","href":"https:\/\/api.w.org\/{rel}","templated":true}]}}