{"id":5590,"date":"2022-10-30T05:02:41","date_gmt":"2022-10-30T04:02:41","guid":{"rendered":"https:\/\/numidiawebs.com\/descartes\/gs\/?page_id=5590"},"modified":"2022-10-30T05:29:05","modified_gmt":"2022-10-30T04:29:05","slug":"preinscription","status":"publish","type":"page","link":"https:\/\/descartes-dz.com\/gs\/preinscription\/","title":{"rendered":"Pr\u00e9inscription\ufffc"},"content":{"rendered":"\t\t<div data-elementor-type=\"wp-page\" data-elementor-id=\"5590\" class=\"elementor elementor-5590\">\n\t\t\t\t\t\t\t\t\t<section class=\"elementor-section elementor-top-section elementor-element elementor-element-69cc389 elementor-section-boxed elementor-section-height-default elementor-section-height-default\" data-id=\"69cc389\" data-element_type=\"section\">\n\t\t\t\t\t\t<div class=\"elementor-container elementor-column-gap-default\">\n\t\t\t\t\t<div class=\"elementor-column elementor-col-16 elementor-top-column elementor-element elementor-element-2b45456\" data-id=\"2b45456\" data-element_type=\"column\">\n\t\t\t<div class=\"elementor-widget-wrap\">\n\t\t\t\t\t\t\t\t\t<\/div>\n\t\t<\/div>\n\t\t\t\t<div class=\"elementor-column elementor-col-66 elementor-top-column elementor-element elementor-element-d70ca92\" data-id=\"d70ca92\" data-element_type=\"column\">\n\t\t\t<div class=\"elementor-widget-wrap elementor-element-populated\">\n\t\t\t\t\t\t\t\t<div class=\"elementor-element elementor-element-f371c8a elementor-widget elementor-widget-creote-title-v1\" data-id=\"f371c8a\" data-element_type=\"widget\" data-widget_type=\"creote-title-v1.default\">\n\t\t\t\t<div class=\"elementor-widget-container\">\n\t\t\t<div class=\"title_all_box style_one  dark_color\" >\r\n         <div class=\"title_sections left\">\r\n                  <h2>  Formulaire de pr\u00e9-inscription scolaire<\/h2>\r\n                  <p>  Envoyez-nous un message via le formulaire ci-dessous. Si votre demande est urgente, n'h\u00e9sitez pas \u00e0 utiliser les coordonn\u00e9es ci-dessous.<\/p>\r\n         <\/div>\r\n               \r\n<\/div>\r\n\t\t<\/div>\n\t\t\t\t<\/div>\n\t\t\t\t<div class=\"elementor-element elementor-element-663114f elementor-widget elementor-widget-creote-contact-form-v1\" data-id=\"663114f\" data-element_type=\"widget\" data-widget_type=\"creote-contact-form-v1.default\">\n\t\t\t\t<div class=\"elementor-widget-container\">\n\t\t\t<section class=\"contact_form_box_all type_three\"\r\n  >\r\n    <div class=\"contact_form_box_inner simple_form\">\r\n    <div class=\"contact_form_shortcode\">\r\n            <div role=\"form\" class=\"wpcf7\" id=\"wpcf7-f5595-o1\" lang=\"fr-FR\" dir=\"ltr\">\n<div class=\"screen-reader-response\"><p role=\"status\" aria-live=\"polite\" aria-atomic=\"true\"><\/p> <ul><\/ul><\/div>\n<form action=\"\/gs\/wp-json\/wp\/v2\/pages\/5590#wpcf7-f5595-o1\" method=\"post\" class=\"wpcf7-form init\" novalidate=\"novalidate\" data-status=\"init\">\n<div style=\"display: none;\">\n<input type=\"hidden\" name=\"_wpcf7\" value=\"5595\" \/>\n<input type=\"hidden\" name=\"_wpcf7_version\" value=\"5.5.6\" \/>\n<input type=\"hidden\" name=\"_wpcf7_locale\" value=\"fr_FR\" \/>\n<input type=\"hidden\" name=\"_wpcf7_unit_tag\" value=\"wpcf7-f5595-o1\" \/>\n<input type=\"hidden\" name=\"_wpcf7_container_post\" value=\"0\" \/>\n<input type=\"hidden\" name=\"_wpcf7_posted_data_hash\" value=\"\" \/>\n<\/div>\n<p><label> Choisissez la langue *<\/p>\n<p><br\/><br \/>\n<span class=\"wpcf7-form-control-wrap langues\"><span class=\"wpcf7-form-control wpcf7-radio\"><span class=\"wpcf7-list-item first\"><label><input type=\"radio\" name=\"langues\" value=\"Arabe\" checked=\"checked\" \/><span class=\"wpcf7-list-item-label\">Arabe<\/span><\/label><\/span><span class=\"wpcf7-list-item\"><label><input type=\"radio\" name=\"langues\" value=\"Fran\u00e7ais\" \/><span class=\"wpcf7-list-item-label\">Fran\u00e7ais<\/span><\/label><\/span><span class=\"wpcf7-list-item last\"><label><input type=\"radio\" name=\"langues\" value=\"Anglais\" \/><span class=\"wpcf7-list-item-label\">Anglais<\/span><\/label><\/span><\/span><\/span><\/label>\n<\/p>\n<div><br\/>&nbsp;<br\/><\/div>\n<p><label> Mode d'inscription *<br\/><\/p>\n<p><br\/><br \/>\n<span class=\"wpcf7-form-control-wrap mode-inscription\"><span class=\"wpcf7-form-control wpcf7-radio\"><span class=\"wpcf7-list-item first\"><label><input type=\"radio\" name=\"mode-inscription\" value=\"Nouvelle inscription\" checked=\"checked\" \/><span class=\"wpcf7-list-item-label\">Nouvelle inscription<\/span><\/label><\/span><span class=\"wpcf7-list-item\"><label><input type=\"radio\" name=\"mode-inscription\" value=\"Mode 2\" \/><span class=\"wpcf7-list-item-label\">Mode 2<\/span><\/label><\/span><span class=\"wpcf7-list-item last\"><label><input type=\"radio\" name=\"mode-inscription\" value=\"Mode 3\" \/><span class=\"wpcf7-list-item-label\">Mode 3<\/span><\/label><\/span><\/span><\/span>\n<\/p>\n<p><\/label><\/p>\n<div><br\/>&nbsp;<br\/><\/div>\n<p><label> Nom complet du parent de l'\u00e9l\u00e8ve *<br \/>\n    <span class=\"wpcf7-form-control-wrap nom-complet-parent\"><input type=\"text\" name=\"nom-complet-parent\" value=\"\" size=\"40\" class=\"wpcf7-form-control wpcf7-text wpcf7-validates-as-required\" aria-required=\"true\" aria-invalid=\"false\" \/><\/span> <\/label><\/p>\n<p><label> Adresse email du parent de l'\u00e9l\u00e8ve *<br \/>\n    <span class=\"wpcf7-form-control-wrap email-parent\"><input type=\"email\" name=\"email-parent\" value=\"\" size=\"40\" class=\"wpcf7-form-control wpcf7-text wpcf7-email wpcf7-validates-as-email\" aria-invalid=\"false\" \/><\/span> <\/label><\/p>\n<p><label> T\u00e9l\u00e9phone du parent de l'\u00e9l\u00e8ve *<br \/>\n    <span class=\"wpcf7-form-control-wrap telephone-parent\"><input type=\"tel\" name=\"telephone-parent\" value=\"\" size=\"40\" class=\"wpcf7-form-control wpcf7-text wpcf7-tel wpcf7-validates-as-required wpcf7-validates-as-tel\" aria-required=\"true\" aria-invalid=\"false\" \/><\/span> <\/label><\/p>\n<p><label> Adresse du parent de l'\u00e9l\u00e8ve *<br \/>\n    <span class=\"wpcf7-form-control-wrap adresse-parent\"><input type=\"text\" name=\"adresse-parent\" value=\"\" size=\"40\" class=\"wpcf7-form-control wpcf7-text wpcf7-validates-as-required\" aria-required=\"true\" aria-invalid=\"false\" \/><\/span> <\/label><\/p>\n<p><label> Je souhaite inscrire mon fils en *<\/p>\n<p><br\/><span class=\"wpcf7-form-control-wrap inscription\"><span class=\"wpcf7-form-control wpcf7-radio\"><span class=\"wpcf7-list-item first\"><label><input type=\"radio\" name=\"inscription\" value=\"Pr\u00e9scolaire\" checked=\"checked\" \/><span class=\"wpcf7-list-item-label\">Pr\u00e9scolaire<\/span><\/label><\/span><span class=\"wpcf7-list-item\"><label><input type=\"radio\" name=\"inscription\" value=\"Primaire\" \/><span class=\"wpcf7-list-item-label\">Primaire<\/span><\/label><\/span><span class=\"wpcf7-list-item\"><label><input type=\"radio\" name=\"inscription\" value=\"Coll\u00e8ge\" \/><span class=\"wpcf7-list-item-label\">Coll\u00e8ge<\/span><\/label><\/span><span class=\"wpcf7-list-item last\"><label><input type=\"radio\" name=\"inscription\" value=\"Lyc\u00e9e\" \/><span class=\"wpcf7-list-item-label\">Lyc\u00e9e<\/span><\/label><\/span><\/span><\/span><\/label>\n<\/p>\n<div><br\/>&nbsp;<br\/><\/div>\n<p><label> Nom de l'\u00e9l\u00e8ve *<br \/>\n    <span class=\"wpcf7-form-control-wrap nom-eleve\"><input type=\"text\" name=\"nom-eleve\" value=\"\" size=\"40\" class=\"wpcf7-form-control wpcf7-text wpcf7-validates-as-required\" aria-required=\"true\" aria-invalid=\"false\" \/><\/span> <\/label><\/p>\n<p><label> Pr\u00e9nom de l'\u00e9l\u00e8ve *<br \/>\n    <span class=\"wpcf7-form-control-wrap prenom-eleve\"><input type=\"text\" name=\"prenom-eleve\" value=\"\" size=\"40\" class=\"wpcf7-form-control wpcf7-text wpcf7-validates-as-required\" aria-required=\"true\" aria-invalid=\"false\" \/><\/span> <\/label><\/p>\n<p><label> Date de naissance de l'\u00e9l\u00e8ve *<br \/>\n    <span class=\"wpcf7-form-control-wrap date-eleve\"><input type=\"date\" name=\"date-eleve\" value=\"\" class=\"wpcf7-form-control wpcf7-date wpcf7-validates-as-required wpcf7-validates-as-date\" aria-required=\"true\" aria-invalid=\"false\" \/><\/span> <\/label><\/p>\n<p><label> Nom de l'\u00e9cole pr\u00e9c\u00e9dente<br \/>\n    <span class=\"wpcf7-form-control-wrap nom-ecole\"><input type=\"text\" name=\"nom-ecole\" value=\"\" size=\"40\" class=\"wpcf7-form-control wpcf7-text\" aria-invalid=\"false\" \/><\/span> <\/label><\/p>\n<p><label> A-t-il redoubl\u00e9 auparavant ?<\/p>\n<p><span class=\"wpcf7-form-control-wrap redouble\"><span class=\"wpcf7-form-control wpcf7-radio\"><span class=\"wpcf7-list-item first\"><label><span class=\"wpcf7-list-item-label\">Non<\/span><input type=\"radio\" name=\"redouble\" value=\"Non\" checked=\"checked\" \/><\/label><\/span><span class=\"wpcf7-list-item last\"><label><span class=\"wpcf7-list-item-label\">Oui<\/span><input type=\"radio\" name=\"redouble\" value=\"Oui\" \/><\/label><\/span><\/span><\/span><\/p>\n<p> <\/label><\/p>\n<div><br\/>&nbsp;<br\/><\/div>\n<p><label> Moyenne de l'ann\u00e9e derni\u00e8re<br \/>\n    <span class=\"wpcf7-form-control-wrap moyenne-annee-derniere\"><input type=\"text\" name=\"moyenne-annee-derniere\" value=\"\" size=\"40\" class=\"wpcf7-form-control wpcf7-text\" aria-invalid=\"false\" \/><\/span> <\/label><\/p>\n<p><label> Remarque ou demande<br \/>\n    <span class=\"wpcf7-form-control-wrap remarque\"><textarea name=\"remarque\" cols=\"40\" rows=\"10\" class=\"wpcf7-form-control wpcf7-textarea wpcf7-validates-as-required\" aria-required=\"true\" aria-invalid=\"false\"><\/textarea><\/span> <\/label><\/p>\n<p><input type=\"submit\" value=\"Envoyer\" class=\"wpcf7-form-control has-spinner wpcf7-submit\" \/><\/p>\n<p style=\"display: none !important;\"><label>&#916;<textarea name=\"_wpcf7_ak_hp_textarea\" cols=\"45\" rows=\"8\" maxlength=\"100\"><\/textarea><\/label><input type=\"hidden\" id=\"ak_js_1\" name=\"_wpcf7_ak_js\" value=\"219\"\/><script>document.getElementById( \"ak_js_1\" ).setAttribute( \"value\", ( new Date() ).getTime() );<\/script><\/p><div class=\"wpcf7-response-output\" aria-hidden=\"true\"><\/div><\/form><\/div>          <\/div>\r\n  <\/div>\r\n  <\/section>\r\n\t\t<\/div>\n\t\t\t\t<\/div>\n\t\t\t\t\t<\/div>\n\t\t<\/div>\n\t\t\t\t<div class=\"elementor-column elementor-col-16 elementor-top-column elementor-element elementor-element-beefbc8\" data-id=\"beefbc8\" data-element_type=\"column\">\n\t\t\t<div class=\"elementor-widget-wrap\">\n\t\t\t\t\t\t\t\t\t<\/div>\n\t\t<\/div>\n\t\t\t\t\t\t\t<\/div>\n\t\t<\/section>\n\t\t\t\t<section class=\"elementor-section elementor-top-section elementor-element elementor-element-be32cee elementor-section-boxed elementor-section-height-default elementor-section-height-default\" data-id=\"be32cee\" data-element_type=\"section\">\n\t\t\t\t\t\t<div class=\"elementor-container elementor-column-gap-default\">\n\t\t\t\t\t<div class=\"elementor-column elementor-col-100 elementor-top-column elementor-element elementor-element-056e570\" data-id=\"056e570\" data-element_type=\"column\">\n\t\t\t<div class=\"elementor-widget-wrap elementor-element-populated\">\n\t\t\t\t\t\t\t\t<div class=\"elementor-element elementor-element-697712e elementor-widget elementor-widget-spacer\" data-id=\"697712e\" data-element_type=\"widget\" data-widget_type=\"spacer.default\">\n\t\t\t\t<div class=\"elementor-widget-container\">\n\t\t\t<style>\/*! elementor - v3.6.2 - 04-04-2022 *\/\n.e-container.e-container--row .elementor-spacer-inner{width:var(--spacer-size)}.e-container.e-container--column .elementor-spacer-inner,.elementor-column .elementor-spacer-inner{height:var(--spacer-size)}<\/style>\t\t<div class=\"elementor-spacer\">\n\t\t\t<div class=\"elementor-spacer-inner\"><\/div>\n\t\t<\/div>\n\t\t\t\t<\/div>\n\t\t\t\t<\/div>\n\t\t\t\t\t<\/div>\n\t\t<\/div>\n\t\t\t\t\t\t\t<\/div>\n\t\t<\/section>\n\t\t\t\t\t\t\t<\/div>\n\t\t","protected":false},"excerpt":{"rendered":"<p>Formulaire de pr\u00e9-inscription scolaire Envoyez-nous un message via le formulaire ci-dessous. Si votre demande est urgente, n&#8217;h\u00e9sitez pas \u00e0 utiliser les coordonn\u00e9es ci-dessous. Choisissez la langue * ArabeFran\u00e7aisAnglais Nom complet T\u00e9l\u00e9phone Adresse email Sujet Votre message \u0394<\/p>\n","protected":false},"author":1,"featured_media":0,"parent":0,"menu_order":0,"comment_status":"closed","ping_status":"closed","template":"template-fullwidth.php","meta":{"footnotes":""},"class_list":["post-5590","page","type-page","status-publish","hentry"],"_links":{"self":[{"href":"https:\/\/descartes-dz.com\/gs\/wp-json\/wp\/v2\/pages\/5590","targetHints":{"allow":["GET"]}}],"collection":[{"href":"https:\/\/descartes-dz.com\/gs\/wp-json\/wp\/v2\/pages"}],"about":[{"href":"https:\/\/descartes-dz.com\/gs\/wp-json\/wp\/v2\/types\/page"}],"author":[{"embeddable":true,"href":"https:\/\/descartes-dz.com\/gs\/wp-json\/wp\/v2\/users\/1"}],"replies":[{"embeddable":true,"href":"https:\/\/descartes-dz.com\/gs\/wp-json\/wp\/v2\/comments?post=5590"}],"version-history":[{"count":17,"href":"https:\/\/descartes-dz.com\/gs\/wp-json\/wp\/v2\/pages\/5590\/revisions"}],"predecessor-version":[{"id":5610,"href":"https:\/\/descartes-dz.com\/gs\/wp-json\/wp\/v2\/pages\/5590\/revisions\/5610"}],"wp:attachment":[{"href":"https:\/\/descartes-dz.com\/gs\/wp-json\/wp\/v2\/media?parent=5590"}],"curies":[{"name":"wp","href":"https:\/\/api.w.org\/{rel}","templated":true}]}}